{"id":2493,"date":"2025-08-28T00:04:32","date_gmt":"2025-08-28T00:04:32","guid":{"rendered":"https:\/\/gptcreativo.com\/?page_id=2493"},"modified":"2025-09-15T06:34:13","modified_gmt":"2025-09-15T06:34:13","slug":"galeria","status":"publish","type":"page","link":"https:\/\/gptcreativo.com\/es_es\/galeria\/","title":{"rendered":"GALERIA"},"content":{"rendered":"\n<!-- === GPTCREATIVO \u00b7 GALER\u00cdA \u00b7 v10 (brand arriba + topnotes) === -->\n<section class=\"gg-page\" style=\"--bg:#0b0b0b;--fg:#fff;--muted:#cfcfcf;--accent:#00C389;--stroke:rgba(255,255,255,.08)\">\n  <style>\n    :root{--bg:#0b0b0b;--card:#101010;--fg:#fff;--muted:#cfcfcf;--accent:#00C389;--stroke:rgba(255,255,255,.08)}\n    *{box-sizing:border-box}\n    html,body{background:var(--bg);color:var(--fg);font-family:Inter,system-ui,Segoe UI,Roboto,Arial}\n\n    \/* Brand SOLO (subido) *\/\n    .gg-brand-wrap{max-width:1200px;margin:0 auto;padding:0 18px 6px}\n    .gg-brand{display:flex;align-items:center;gap:12px}\n    .gg-brand img{width:50px;height:50px;object-fit:contain;border-radius:8px}\n    .gg-copy{display:flex;flex-direction:column;line-height:1.1}\n    .gg-copy .name{margin:0;font:800 1.12rem\/1 Inter;color:var(--accent)}\n    .gg-copy .tag{margin:2px 0 0;color:var(--muted);font:400 .9rem\/1.15 Inter}\n\n    \/* Galer\u00eda (subida) *\/\n    .gallery{display:grid;grid-template-columns:1fr;gap:24px;padding:8px 22px 28px;max-width:1200px;margin:0 auto}\n    @media (min-width:720px){.gallery{grid-template-columns:repeat(2,1fr)}}\n    @media (min-width:1024px){.gallery{grid-template-columns:repeat(3,1fr)}}\n\n    .agent-card{position:relative;display:flex;flex-direction:column;background:var(--card);\n      border:1px solid var(--stroke);border-radius:14px;overflow:hidden;text-decoration:none;color:var(--fg);\n      box-shadow:0 6px 18px rgba(0,0,0,.25);transition:transform .25s ease,box-shadow .25s ease}\n    .agent-card:hover,.agent-card:focus{transform:translateY(-2px);box-shadow:0 10px 28px rgba(0,0,0,.35)}\n    .agent-card:focus-visible{outline:3px solid var(--accent);outline-offset:4px}\n    .agent-card, .agent-card *{text-decoration:none !important}\n\n    \/* Topnote (mensaje arriba de la imagen) *\/\n    .agent-topnote{\n      background:#121212;border-bottom:1px solid var(--stroke);\n      padding:10px 12px;display:flex;flex-direction:column;gap:2px\n    }\n    .agent-topnote .line1{color:#fff;font-weight:800;font-size:.96rem;letter-spacing:.3px}\n    .agent-topnote .line2{color:var(--muted);font-size:.9rem;line-height:1.3}\n    \/* Variante 1-l\u00ednea en verde (para KALEND y SELLIUS) *\/\n    .agent-topnote.single{border-left:3px solid var(--accent)}\n    .agent-topnote.single .line1{color:var(--accent);font-weight:800}\n\n    .agent-img{width:100%;height:320px;object-fit:cover}\n    .agent-info{padding:16px 18px 22px}\n    .agent-info h3{margin:0 0 6px;font:800 1.25rem\/1.2 Inter;color:#fff}\n    .slogan{margin:0;color:var(--muted)}\n  <\/style>\n\n  <!-- BRAND (logo verde + nombre + slogan) -->\n  <div class=\"gg-brand-wrap\">\n    <div class=\"gg-brand\">\n      <img decoding=\"async\" src=\"https:\/\/gptcreativo.com\/wp-content\/uploads\/2025\/08\/gpt_creativo_logo_verde_transparente.png\" alt=\"GPTCREATIVO\">\n      <div class=\"gg-copy\">\n        <h1 class=\"name\">GPTCREATIVO<\/h1>\n        <p class=\"tag\">AUTOMATIZACI\u00d3N QUE ENTIENDE TU NEGOCIO<\/p>\n      <\/div>\n    <\/div>\n  <\/div>\n\n  <!-- GALER\u00cdA (tus cards con mensajes arriba) -->\n  <section class=\"gallery\" aria-label=\"Galer\u00eda de agentes\">\n    <!-- KALEND -->\n<a class=\"agent-card\" href=\"#\" tabindex=\"0\" id=\"card-kalend\">\n  <!-- r\u00f3tulo superior -->\n  <div class=\"agent-topnote single\">\n    <span class=\"line1\">AGENDAMIENTO-EFECTIVO<\/span>\n  <\/div>\n\n  <img class=\"agent-img\" loading=\"lazy\" decoding=\"async\"\n       src=\"https:\/\/gptcreativo.com\/wp-content\/uploads\/2025\/09\/uifaces-human-avatar.jpg\"\n       alt=\"Kalend\">\n\n  <div class=\"agent-info\">\n    <h3>Kalend<\/h3>\n    <p class=\"slogan\">Organizaci\u00f3n sin esfuerzo, para cualquier ocasi\u00f3n.<\/p>\n  <\/div>\n\n  <!-- OVERLAY (contenido que pediste) -->\n  <div class=\"agent-overlay\" aria-hidden=\"true\">\n    <!-- Reutilizo la misma cajita de REGIS para estilo -->\n    <div class=\"regis-meta\">\n      <p><strong>ROL:<\/strong> Atiende consultas de los clientes, relacionadas con los servicios de tu empresa, agenda citas v\u00eda mail y, en caso de querer hablar con un humano, los redirige.<\/p>\n    <\/div>\n\n    <h4>Casos de uso<\/h4>\n    <ul>\n      <li><b>Cl\u00ednicas y centros m\u00e9dicos<\/b> \u2014 Reserva de citas m\u00e9dicas, orientaci\u00f3n b\u00e1sica.<\/li>\n      <li><b>Est\u00e9ticas y peluquer\u00edas<\/b> \u2014 Gesti\u00f3n de turnos, promoci\u00f3n de servicios.<\/li>\n      <li><b>Inmobiliarias<\/b> \u2014 Coordinaci\u00f3n de visitas, consultas sobre propiedades.<\/li>\n      <li><b>Agencias de viajes<\/b> \u2014 Cotizaci\u00f3n de paquetes, seguimiento de itinerarios.<\/li>\n      <li><b>Educaci\u00f3n y academias online<\/b> \u2014 Asistencia con inscripci\u00f3n y horarios.Miles de uso mas.<\/li>\n    \n \n    <\/ul>\n  <\/div>\n<!-- SELLIUS -->\n<a class=\"agent-card\" href=\"#\" tabindex=\"0\" id=\"card-sellius\">\n  <!-- r\u00f3tulo superior -->\n  <div class=\"agent-topnote single\">\n    <span class=\"line1\">VENDEDOR 24\/7<\/span>\n  <\/div>\n\n  <img class=\"agent-img\" loading=\"lazy\" decoding=\"async\"\n       src=\"https:\/\/gptcreativo.com\/wp-content\/uploads\/2025\/09\/uifaces-human-avatar-1.jpg\"\n       alt=\"Sellius\">\n\n  <div class=\"agent-info\">\n    <h3>Sellius<\/h3>\n    <p class=\"slogan\">La venta nunca duerme.<\/p>\n  <\/div>\n\n  <!-- OVERLAY -->\n  <div class=\"agent-overlay\" aria-hidden=\"true\">\n    <div class=\"regis-meta\">\n      <p><strong>ROL:<\/strong> Atiende y vende 24\/7 por WhatsApp o email: responde consultas, env\u00eda cotizaciones, toma pedidos y pagos, y agenda entregas\/servicios.<\/p>\n    <\/div>\n\n    <h4>Casos de uso<\/h4>\n    <ul>\n      <li><b>E-commerce con atenci\u00f3n personalizada<\/b> \u2014 Recibe pedidos por WhatsApp o email fuera del horario laboral.<\/li>\n      <li><b>Negocios de productos f\u00edsicos (ropa, tecnolog\u00eda, alimentos)<\/b> \u2014 Responde consultas, env\u00eda cotizaciones y cierra ventas autom\u00e1ticamente.<\/li>\n      <li><b>Empresas de log\u00edstica y distribuci\u00f3n<\/b> \u2014 Agenda entregas en hoja de ruta tras confirmar pago.Miles de usos mas.<\/li>\n      \n     \n  <\/div>\n<\/a>\n\n\n\n   \n<!-- REGIS -->\n<a class=\"agent-card\" href=\"#\" tabindex=\"0\" id=\"card-regis\">\n  <!-- r\u00f3tulo superior -->\n  <div class=\"agent-topnote single\">\n    <span class=\"line1\">CONTROL ELECTORAL INTELIGENTE<\/span>\n  <\/div>\n\n  <img decoding=\"async\" class=\"agent-img\" src=\"https:\/\/gptcreativo.com\/wp-content\/uploads\/2025\/09\/ChatGPT-Image-4-sept-2025-20_12_51.png\" alt=\"REGIS\">\n\n  <div class=\"agent-info\">\n    <h3>REGIS<\/h3>\n    <p class=\"slogan\">Si hay una diferencia en los datos&#8230; REGIS la detecta.<\/p>\n  <\/div>\n\n  <!-- \u00a1IMPORTANTE! El overlay va DENTRO del <a> -->\n <div class=\"agent-overlay\" aria-hidden=\"true\">\n  <div class=\"regis-meta\">\n    <p><strong>Rol:<\/strong> Monitorea, recopila y consolida resultados por mesa, distrito y pa\u00eds.<\/p>\n    <p><strong>\ud83d\udd52 Disponible:<\/strong> Desde el inicio del conteo hasta el cierre del proceso.<\/p>\n    <p><strong>\ud83d\udcc8 Funci\u00f3n clave:<\/strong> Comparaci\u00f3n en tiempo real con reportes del CNE.<\/p>\n    <p><strong>\ud83d\udccc Legalidad:<\/strong> Cumple normativa electoral de Colombia.<\/p>\n  <\/div>\n\n  <h4>Casos de uso<\/h4>\n  <ul>\n    <li>Partidos y campa\u00f1as<\/li>\n    <li>Observaci\u00f3n electoral<\/li>\n    <li>Medios de comunicaci\u00f3n<\/li>\n    <li>Equipos jur\u00eddicos<\/li>\n    <li>ONGs y veedur\u00edas<\/li>\n  <\/ul>\n<\/div>\n\n<\/a>\n   \n  <\/section>\n<\/section>\n","protected":false},"excerpt":{"rendered":"<p>GPTCREATIVO AUTOMATIZACI\u00d3N QUE ENTIENDE TU NEGOCIO AGENDAMIENTO-EFECTIVO Kalend Organizaci\u00f3n sin esfuerzo, para cualquier ocasi\u00f3n. ROL: Atiende consultas de los clientes, relacionadas con los servicios de tu empresa, agenda citas v\u00eda mail y, en caso de querer hablar con un humano, los redirige. Casos de uso Cl\u00ednicas y centros m\u00e9dicos \u2014 Reserva de citas m\u00e9dicas, orientaci\u00f3n [&hellip;]<\/p>\n","protected":false},"author":1,"featured_media":0,"parent":0,"menu_order":0,"comment_status":"closed","ping_status":"closed","template":"","meta":{"_glsr_average":0,"_glsr_ranking":0,"_glsr_reviews":0,"footnotes":""},"class_list":["post-2493","page","type-page","status-publish","hentry"],"_links":{"self":[{"href":"https:\/\/gptcreativo.com\/es_es\/wp-json\/wp\/v2\/pages\/2493","targetHints":{"allow":["GET"]}}],"collection":[{"href":"https:\/\/gptcreativo.com\/es_es\/wp-json\/wp\/v2\/pages"}],"about":[{"href":"https:\/\/gptcreativo.com\/es_es\/wp-json\/wp\/v2\/types\/page"}],"author":[{"embeddable":true,"href":"https:\/\/gptcreativo.com\/es_es\/wp-json\/wp\/v2\/users\/1"}],"replies":[{"embeddable":true,"href":"https:\/\/gptcreativo.com\/es_es\/wp-json\/wp\/v2\/comments?post=2493"}],"version-history":[{"count":46,"href":"https:\/\/gptcreativo.com\/es_es\/wp-json\/wp\/v2\/pages\/2493\/revisions"}],"predecessor-version":[{"id":2978,"href":"https:\/\/gptcreativo.com\/es_es\/wp-json\/wp\/v2\/pages\/2493\/revisions\/2978"}],"wp:attachment":[{"href":"https:\/\/gptcreativo.com\/es_es\/wp-json\/wp\/v2\/media?parent=2493"}],"curies":[{"name":"wp","href":"https:\/\/api.w.org\/{rel}","templated":true}]}}