{"id":2497,"date":"2025-08-28T00:06:55","date_gmt":"2025-08-28T00:06:55","guid":{"rendered":"https:\/\/gptcreativo.com\/?page_id=2497"},"modified":"2025-09-15T06:38:31","modified_gmt":"2025-09-15T06:38:31","slug":"contacto","status":"publish","type":"page","link":"https:\/\/gptcreativo.com\/es_es\/contacto\/","title":{"rendered":"CONTACTO"},"content":{"rendered":"\n<p><\/p>\n\n\n\n<!-- === GPTCREATIVO \u00b7 CONTACTO (CF7 compacto, estable) === -->\n<section id=\"contactos\" class=\"gc-wrap\" style=\"--bg:#111;--fg:#fff;--muted:#cfcfcf;--brand:#00C389;--panel:#141414;--stroke:#262626;\">\n  <style>\n    \/* \u2014\u2014 Estructura \/ branding \u2014\u2014 *\/\n    .gc-wrap{background:var(--bg);color:var(--fg);font-family:system-ui,-apple-system,\"Segoe UI\",Roboto,Arial,sans-serif}\n    .gc-container{max-width:1060px;margin:0 auto;padding:10px 16px}\n    .gc-brandbar{display:flex;align-items:center;gap:10px;padding:4px 0 8px;border-bottom:1px solid var(--stroke)}\n    .gc-brandbar img{width:34px;height:34px;display:block}\n    .gc-brandbar .txt{display:flex;flex-direction:column;line-height:1.1}\n    .gc-brandbar .name{color:var(--brand);font-weight:800;letter-spacing:.2px}\n    .gc-brandbar .tagline{color:var(--muted);font-size:12px;margin-top:2px}\n    .gc-hero{padding:6px 0 4px}\n    .gc-title{font:800 30px\/1.1 system-ui;margin:0 0 4px}\n    .gc-sub{margin:0;color:var(--muted);font-size:14px}\n    .gc-stars-strip{margin-top:6px;background:#0E0E0E;border:1px solid var(--stroke);border-radius:10px;padding:6px 10px;display:flex;align-items:center;gap:8px}\n    .gc-stars{color:var(--brand);font-size:15px;letter-spacing:.5px}\n    .gc-score{opacity:.9;font-size:13px}\n    .gc-stars-strip a{color:var(--brand);text-decoration:none;font-size:13px}\n    .gc-stars-strip a:hover{text-decoration:underline}\n    .gc-grid{display:grid;gap:14px;margin-top:12px;align-items:start}\n    @media (min-width:900px){ .gc-grid{grid-template-columns:1fr 1fr} }\n    .gc-card{background:var(--panel);border:1px solid var(--stroke);border-radius:14px;padding:14px}\n    .gc-card h3{margin:0 0 8px;font:700 17px\/1.2 system-ui}\n    .gc-list{list-style:none;margin:0;padding:0;display:grid;gap:8px}\n    @media (min-width:900px){ .gc-list{grid-template-columns:1fr 1fr} }\n    .gc-list a{color:var(--brand);text-decoration:none}\n    .gc-list a:hover{text-decoration:underline}\n\n    \/* \u2014\u2014 CF7 compacto y estable \u2014\u2014 *\/\n    .gc-contact{padding-bottom:18px} \/* espacio para que no lo tape el banner de cookies *\/\n    .gc-contact .wpcf7-form{display:grid;gap:8px}\n    .gc-contact input[type=\"text\"],\n    .gc-contact input[type=\"email\"],\n    .gc-contact input[type=\"tel\"],\n    .gc-contact textarea{\n      width:100%;background:#101010;border:1px solid var(--stroke);color:#fff;\n      border-radius:12px;padding:12px 14px;line-height:1.4;outline:none\n    }\n    .gc-contact textarea{min-height:96px;resize:vertical}\n    .gc-contact input:focus,.gc-contact textarea:focus{border-color:var(--brand);box-shadow:0 0 0 3px rgba(0,195,137,.15)}\n    .gc-contact .wpcf7-acceptance a{color:var(--brand);text-decoration:underline}\n    .gc-contact .wpcf7-submit{\n      background:var(--brand);color:#0b0b0b;border:0;padding:12px 22px;border-radius:14px;font-weight:700;cursor:pointer\n    }\n    .gc-contact .wpcf7 form .wpcf7-response-output{border-radius:12px;padding:12px 14px;margin-top:4px}\n\n    \/* 2 columnas en escritorio + \u201cacepto\u201d izq \/ \u201cenviar\u201d der (sin JS, sin :has) *\/\n    @media (min-width:860px){\n      .gc-contact .wpcf7-form{grid-template-columns:1fr 1fr}\n      \/* el p\u00e1rrafo que contiene el textarea va a ancho completo *\/\n      .gc-contact .wpcf7-form > p:has(textarea){grid-column:1\/-1}\n      \/* pen\u00faltimo <p> (aceptaci\u00f3n) a la izquierda, \u00faltimo <p> (submit) a la derecha *\/\n      .gc-contact .wpcf7-form > p:nth-last-of-type(2){grid-column:1\/2;align-self:center;margin-top:4px}\n      .gc-contact .wpcf7-form > p:last-of-type{grid-column:2\/3;justify-self:end;margin-top:4px}\n      .gc-contact .wpcf7 .wpcf7-response-output{grid-column:1\/-1}\n    }\n  <\/style>\n\n  <div class=\"gc-container\">\n    <div class=\"gc-brandbar\" aria-label=\"Identidad GPTCREATIVO\">\n      <img decoding=\"async\" src=\"https:\/\/gptcreativo.com\/wp-content\/uploads\/2025\/08\/gpt_creativo_logo_verde_transparente.png\" alt=\"Logo GPTCREATIVO\">\n      <div class=\"txt\">\n        <span class=\"name\">GPTCREATIVO<\/span>\n        <span class=\"tagline\">AUTOMATIZACI\u00d3N QUE ENTIENDE TU NEGOCIO<\/span>\n      <\/div>\n    <\/div>\n\n    <header class=\"gc-hero\">\n      <h1 class=\"gc-title\">Hablemos de tu proyecto<\/h1>\n      <p class=\"gc-sub\">Respondo r\u00e1pido. Cu\u00e9ntame qu\u00e9 necesitas y te propongo el mejor enfoque con IA.<\/p>\n    <\/header>\n\n    <div class=\"gc-stars-strip\" aria-label=\"Valoraci\u00f3n de clientes\">\n      <span class=\"gc-stars\">\u2605\u2605\u2605\u2605\u2605<\/span>\n      <span class=\"gc-score\">4.9\/5 \u00b7 rese\u00f1as verificadas<\/span>\n      <a href=\"\/opiniones\">Ver opiniones<\/a>\n    <\/div>\n\n    <div class=\"gc-grid\">\n      <!-- 1) Datos -->\n      <div class=\"gc-card\">\n        <h3>Datos de contacto<\/h3>\n        <ul class=\"gc-list\">\n          <li><strong>Web<\/strong><br><a href=\"https:\/\/gptcreativo.com\" target=\"_blank\" rel=\"noopener\">www.gptcreativo.com<\/a><\/li>\n          <li><strong>Email<\/strong><br><a href=\"mailto:contacto@gptcreativo.com\">contacto@gptcreativo.com<\/a><\/li>\n          <li><strong>WhatsApp LATAM<\/strong><br><a href=\"https:\/\/wa.me\/573116970936\" target=\"_blank\" rel=\"noopener\">+57 311 6970936<\/a><\/li>\n          <li><strong>WhatsApp Europa<\/strong><br><a href=\"https:\/\/wa.me\/34642843269\" target=\"_blank\" rel=\"noopener\">+34 642 843269<\/a><\/li>\n          <li><strong>Horario<\/strong><br>L\u2013V 9:00\u201319:00 (CET)<\/li>\n        <\/ul>\n      <\/div>\n\n     <!-- 2) Formulario (CF7) -->\n<div class=\"gc-card\">\n  <h3>Env\u00edame tu consulta<\/h3>\n  <div class=\"gc-contact\">\n    \n<div class=\"wpcf7 no-js\" id=\"wpcf7-f2858-o1\" lang=\"es-ES\" dir=\"ltr\" data-wpcf7-id=\"2858\">\n<div class=\"screen-reader-response\"><p role=\"status\" aria-live=\"polite\" aria-atomic=\"true\"><\/p> <ul><\/ul><\/div>\n<form action=\"\/es_es\/wp-json\/wp\/v2\/pages\/2497#wpcf7-f2858-o1\" method=\"post\" class=\"wpcf7-form init\" aria-label=\"Formulario de contacto\" novalidate=\"novalidate\" data-status=\"init\">\n<fieldset class=\"hidden-fields-container\"><input type=\"hidden\" name=\"_wpcf7\" value=\"2858\" \/><input type=\"hidden\" name=\"_wpcf7_version\" value=\"6.1.5\" \/><input type=\"hidden\" name=\"_wpcf7_locale\" value=\"es_ES\" \/><input type=\"hidden\" name=\"_wpcf7_unit_tag\" value=\"wpcf7-f2858-o1\" \/><input type=\"hidden\" name=\"_wpcf7_container_post\" value=\"0\" \/><input type=\"hidden\" name=\"_wpcf7_posted_data_hash\" value=\"\" \/><input type=\"hidden\" name=\"_wpcf7_recaptcha_response\" value=\"\" \/>\n<\/fieldset>\n<p class=\"field\"><label>Tu nombre*<br \/>\n<span class=\"wpcf7-form-control-wrap\" data-name=\"your-name\"><input size=\"40\" maxlength=\"400\" class=\"wpcf7-form-control wpcf7-text wpcf7-validates-as-required\" aria-required=\"true\" aria-invalid=\"false\" value=\"\" type=\"text\" name=\"your-name\" \/><\/span><\/label>\n<\/p>\n<p class=\"field\"><label>Tu correo electr\u00f3nico*<br \/>\n<span class=\"wpcf7-form-control-wrap\" data-name=\"your-email\"><input size=\"40\" maxlength=\"400\" class=\"wpcf7-form-control wpcf7-email wpcf7-validates-as-required wpcf7-text wpcf7-validates-as-email\" aria-required=\"true\" aria-invalid=\"false\" value=\"\" type=\"email\" name=\"your-email\" \/><\/span><\/label>\n<\/p>\n<p class=\"field\"><label>Tel\u00e9fono (opcional)<br \/>\n<span class=\"wpcf7-form-control-wrap\" data-name=\"your-tel\"><input size=\"40\" maxlength=\"400\" class=\"wpcf7-form-control wpcf7-tel wpcf7-text wpcf7-validates-as-tel\" aria-invalid=\"false\" value=\"\" type=\"tel\" name=\"your-tel\" \/><\/span><\/label>\n<\/p>\n<p class=\"field full\"><label>Tu mensaje*<br \/>\n<span class=\"wpcf7-form-control-wrap\" data-name=\"your-message\"><textarea cols=\"40\" rows=\"4\" maxlength=\"2000\" class=\"wpcf7-form-control wpcf7-textarea wpcf7-validates-as-required\" aria-required=\"true\" aria-invalid=\"false\" name=\"your-message\"><\/textarea><\/span><\/label>\n<\/p>\n<p><span class=\"wpcf7-form-control-wrap\" data-name=\"politica-privacidad\"><span class=\"wpcf7-form-control wpcf7-acceptance\"><span class=\"wpcf7-list-item\"><label><input type=\"checkbox\" name=\"politica-privacidad\" value=\"1\" aria-invalid=\"false\" \/><span class=\"wpcf7-list-item-label\">Acepto la&nbsp;<a href=\"\/politica-de-privacidad\/\" target=\"_blank\" rel=\"noopener\">pol\u00edtica de privacidad<\/a>.<\/span><\/label><\/span><\/span><\/span>\n<\/p>\n<p><input class=\"wpcf7-form-control wpcf7-submit has-spinner gc-enviar\" type=\"submit\" value=\"Enviar\" \/>\n<\/p><div class=\"wpcf7-response-output\" aria-hidden=\"true\"><\/div>\n<\/form>\n<\/div>\n\n  <\/div>\n<\/div>\n\n\n  <!-- Schema -->\n  <script type=\"application\/ld+json\">\n  {\"@context\":\"https:\/\/schema.org\",\"@type\":\"Organization\",\"name\":\"GPTCREATIVO\",\"url\":\"https:\/\/gptcreativo.com\",\"email\":\"contacto@gptcreativo.com\",\"telephone\":[\"+57 311 6970936\",\"+34 642 843269\"],\"sameAs\":[\"https:\/\/wa.me\/573116970936\",\"https:\/\/wa.me\/34642843269\"]}\n  <\/script>\n\n  <!-- Redirecci\u00f3n a \/gracias tras env\u00edo correcto -->\n \n<\/section>\n","protected":false},"excerpt":{"rendered":"<p>GPTCREATIVO AUTOMATIZACI\u00d3N QUE ENTIENDE TU NEGOCIO Hablemos de tu proyecto Respondo r\u00e1pido. Cu\u00e9ntame qu\u00e9 necesitas y te propongo el mejor enfoque con IA. \u2605\u2605\u2605\u2605\u2605 4.9\/5 \u00b7 rese\u00f1as verificadas Ver opiniones Datos de contacto Webwww.gptcreativo.com Emailcontacto@gptcreativo.com WhatsApp LATAM+57 311 6970936 WhatsApp Europa+34 642 843269 HorarioL\u2013V 9:00\u201319:00 (CET) Env\u00edame tu consulta<\/p>\n","protected":false},"author":1,"featured_media":0,"parent":0,"menu_order":0,"comment_status":"closed","ping_status":"closed","template":"","meta":{"_glsr_average":0,"_glsr_ranking":0,"_glsr_reviews":0,"footnotes":""},"class_list":["post-2497","page","type-page","status-publish","hentry"],"_links":{"self":[{"href":"https:\/\/gptcreativo.com\/es_es\/wp-json\/wp\/v2\/pages\/2497","targetHints":{"allow":["GET"]}}],"collection":[{"href":"https:\/\/gptcreativo.com\/es_es\/wp-json\/wp\/v2\/pages"}],"about":[{"href":"https:\/\/gptcreativo.com\/es_es\/wp-json\/wp\/v2\/types\/page"}],"author":[{"embeddable":true,"href":"https:\/\/gptcreativo.com\/es_es\/wp-json\/wp\/v2\/users\/1"}],"replies":[{"embeddable":true,"href":"https:\/\/gptcreativo.com\/es_es\/wp-json\/wp\/v2\/comments?post=2497"}],"version-history":[{"count":19,"href":"https:\/\/gptcreativo.com\/es_es\/wp-json\/wp\/v2\/pages\/2497\/revisions"}],"predecessor-version":[{"id":3078,"href":"https:\/\/gptcreativo.com\/es_es\/wp-json\/wp\/v2\/pages\/2497\/revisions\/3078"}],"wp:attachment":[{"href":"https:\/\/gptcreativo.com\/es_es\/wp-json\/wp\/v2\/media?parent=2497"}],"curies":[{"name":"wp","href":"https:\/\/api.w.org\/{rel}","templated":true}]}}